{"id":111,"date":"2020-06-29T15:46:25","date_gmt":"2020-06-29T15:46:25","guid":{"rendered":"http:\/\/antalferenc.com\/kbs_hu\/?page_id=111"},"modified":"2020-06-29T17:52:45","modified_gmt":"2020-06-29T17:52:45","slug":"hogyan-segithetek","status":"publish","type":"page","link":"https:\/\/kbs.antalferenc.com\/hu\/hogyan-segithetek\/","title":{"rendered":"Hogyan seg\u00edthetek?"},"content":{"rendered":"<h2>Ne nek\u00fcnk seg\u00edts, seg\u00edts magadnak!<\/h2>\n<p>Egy \u00e9lhet\u0151bb \u00e9s hat\u00e9konyabban fejl\u0151d\u0151 rendszereben Te is jobban \u00e9rezn\u00e9d magad. Ha el\u00e9gedetlen vagy a jelenlegi rendszerrel, \u00e9s v\u00e1ltoztatni akarsz rajta, nem csak besz\u00e9lni r\u00f3la, akkor ezt most megteheted.<\/p>\n<p>Mindenf\u00e9le seg\u00edts\u00e9get sz\u00edvesen fogadunk! Ha van egy j\u00f3 \u00f6tleted, vagy egy projektet m\u00e1shogy oldan\u00e1l meg, nyugodtan \u00edrj nek\u00fcnk a <a href=\"https:\/\/kbs.antalferenc.com\/hu\/kapcsolat\/\">Kapcsolat<\/a> men\u00fcpont alatt.<\/p>\n<p><strong>A legnagyobb seg\u00edts\u00e9get azonban az jelenti, ha<\/strong><\/p>\n<ul>\n<li>Te is hozz\u00e1j\u00e1rulsz a rendszer kidolgoz\u00e1s\u00e1hoz<\/li>\n<li>Szerzel \u00faj embereket, akik sz\u00edvesen csatlakozn\u00e1nak<\/li>\n<\/ul>\n<p><strong>Hogyan csatlakozhatok?<\/strong><\/p>\n<p>Jelenleg, csak alap\u00edt\u00f3 tagok jelentkez\u00e9s\u00e9t fogadjuk el. Ahhoz, hogy valaki alap\u00edt\u00f3 tag legyen, a k\u00f6z\u00f6ss\u00e9g haszn\u00e1ra kell lennie. Ez a jelen k\u00f6r\u00fclm\u00e9nyek k\u00f6z\u00f6tt abban ny\u00edlv\u00e1nulhat meg, hogy a <a href=\"https:\/\/kbs.antalferenc.com\/hu\/feladatok\/\">Feladatok<\/a>\u00a0megold\u00e1s\u00e1ban r\u00e9szt vesz.<\/p>\n<p>B\u0151vebb inform\u00e1ci\u00f3t a <a href=\"https:\/\/kbs.antalferenc.com\/hu\/tagfelvetel\/\">Tagfelv\u00e9tel<\/a> men\u00fcpont alatt tal\u00e1lsz.<\/p>\n<p><strong>Hogyan aj\u00e1nlhatok m\u00e1st?<\/strong><\/p>\n<p>Ha \u00fagy gondolod, hogy ismersz olyan embert, aki sz\u00edvesen csatlakozna, egy aj\u00e1nl\u00f3 linkkel megteheted. Vagy csak \u00edrj nek\u00fcnk a <a href=\"https:\/\/kbs.antalferenc.com\/hu\/kapcsolat\/\">Kapcsolat<\/a>\u00a0men\u00fcpontban.<\/p>\n<p>B\u0151vebb inform\u00e1ci\u00f3t a <a href=\"https:\/\/kbs.antalferenc.com\/hu\/tagok-es-eroforrasok\/\">Tagok \u00e9s er\u0151forr\u00e1sok<\/a> men\u00fcpont alatt tal\u00e1lsz.<\/p>\n<p><strong>Hova fordulhatok, ha k\u00e9rd\u00e9sem van?<\/strong><\/p>\n<p>A\u00a0<a href=\"https:\/\/kbs.antalferenc.com\/hu\/kapcsolat\/\">Kapcsolat<\/a>\u00a0men\u00fcpont alatt tudsz emailt \u00edrni nek\u00fcnk.<\/p>\n<p>&nbsp;<\/p>\n","protected":false},"excerpt":{"rendered":"<p>Ne nek\u00fcnk seg\u00edts, seg\u00edts magadnak! Egy \u00e9lhet\u0151bb \u00e9s hat\u00e9konyabban fejl\u0151d\u0151 rendszereben Te is jobban \u00e9rezn\u00e9d magad. Ha el\u00e9gedetlen vagy a jelenlegi rendszerrel, \u00e9s v\u00e1ltoztatni akarsz rajta, nem csak besz\u00e9lni r\u00f3la, akkor ezt most megteheted. Mindenf\u00e9le seg\u00edts\u00e9get sz\u00edvesen fogadunk! Ha van egy j\u00f3 \u00f6tleted, vagy egy projektet m\u00e1shogy oldan\u00e1l meg, nyugodtan \u00edrj nek\u00fcnk a Kapcsolat men\u00fcpont [&hellip;]<\/p>\n","protected":false},"author":2,"featured_media":0,"parent":0,"menu_order":0,"comment_status":"closed","ping_status":"closed","template":"","meta":[],"_links":{"self":[{"href":"https:\/\/kbs.antalferenc.com\/hu\/wp-json\/wp\/v2\/pages\/111"}],"collection":[{"href":"https:\/\/kbs.antalferenc.com\/hu\/wp-json\/wp\/v2\/pages"}],"about":[{"href":"https:\/\/kbs.antalferenc.com\/hu\/wp-json\/wp\/v2\/types\/page"}],"author":[{"embeddable":true,"href":"https:\/\/kbs.antalferenc.com\/hu\/wp-json\/wp\/v2\/users\/2"}],"replies":[{"embeddable":true,"href":"https:\/\/kbs.antalferenc.com\/hu\/wp-json\/wp\/v2\/comments?post=111"}],"version-history":[{"count":6,"href":"https:\/\/kbs.antalferenc.com\/hu\/wp-json\/wp\/v2\/pages\/111\/revisions"}],"predecessor-version":[{"id":118,"href":"https:\/\/kbs.antalferenc.com\/hu\/wp-json\/wp\/v2\/pages\/111\/revisions\/118"}],"wp:attachment":[{"href":"https:\/\/kbs.antalferenc.com\/hu\/wp-json\/wp\/v2\/media?parent=111"}],"curies":[{"name":"wp","href":"https:\/\/api.w.org\/{rel}","templated":true}]}}