{"id":2,"date":"2020-06-29T11:23:04","date_gmt":"2020-06-29T11:23:04","guid":{"rendered":"http:\/\/antalferenc.com\/kbs_hu\/?page_id=2"},"modified":"2021-11-03T20:22:51","modified_gmt":"2021-11-03T20:22:51","slug":"sample-page","status":"publish","type":"page","link":"https:\/\/kbs.antalferenc.com\/hu\/","title":{"rendered":"Knowledge Based Society"},"content":{"rendered":"\r\n<p>C\u00e9lunk egy, a jelenlegin\u00e9l hat\u00e9konyabb \u00e9s \u00e1tl\u00e1that\u00f3bb t\u00e1rsadalmi rendszer megalkot\u00e1sa. Ezen a\u00a0<strong>h\u00e1tt\u00e9roldalon<\/strong>\u00a0gy\u0171jtj\u00fck \u00f6ssze \u00e9s vitatjuk meg a k\u00f6z\u00f6ss\u00e9g alapelveit \u00e9s legfontosabb k\u00e9rd\u00e9seit. Ez egy z\u00e1rt k\u00f6r\u0171 oldal csak aj\u00e1nl\u00e1ssal lehet r\u00e9szt venni benne!<\/p>\r\n\r\n\r\n\r\n<p><strong>A jelenlegi rendszer hib\u00e1i:<\/strong><\/p>\r\n\r\n\r\n\r\n<ul>\r\n<li>Nem val\u00f3di demokr\u00e1cia, az emberek a legfontosabb dolgokr\u00f3l nem tudnak \u00e9rdemi d\u00f6nt\u00e9st hozni.<\/li>\r\n<li>Nem sz\u00fcletik meg a legjobb d\u00f6nt\u00e9s, mivel olyan emberek hoznak d\u00f6nt\u00e9st, akik nem tudj\u00e1k, hogy mi lesz a d\u00f6nt\u00e9s k\u00f6vetkezm\u00e9nye.<\/li>\r\n<li>Nem \u00e1tl\u00e1that\u00f3 a rendszer ez\u00e1ltal lehet\u0151s\u00e9get ad a korrupci\u00f3ra.<\/li>\r\n<\/ul>\r\n\r\n\r\n\r\n<p><strong>Mit v\u00e1ltoztatn\u00e1k:<\/strong><\/p>\r\n\r\n\r\n\r\n<ul>\r\n<li>Az \u00e1llampolg\u00e1rok mindenr\u0151l szavazhatnak, \u00edgy direktebb\u00e9 tenn\u00e9 a demokr\u00e1ci\u00e1t<\/li>\r\n<li>Az emberek csak abban tehetnek \u00e9rdemi szavazatot, amihez \u00e9rtenek \u00e9s bel\u00e1tj\u00e1k a d\u00f6nt\u00e9seik k\u00f6zeli \u00e9s t\u00e1voli k\u00f6vetkezm\u00e9nyeit<\/li>\r\n<li>Minden k\u00f6z\u00f6ss\u00e9g \u00e9rdek\u00e9ben befizetett \u00e9rt\u00e9k nyilv\u00e1ntart\u00e1sa \u00e9s annak felhaszn\u00e1l\u00e1sa nyilv\u00e1nos.<\/li>\r\n<\/ul>\r\n\r\n\r\n\r\n<p><strong>KI LEHET TAGJA A K\u00d6Z\u00d6SS\u00c9GNEK?<\/strong><\/p>\r\n\r\n\r\n\r\n<p>Minden olyan ember, aki elfogadja a k\u00f6z\u00f6ss\u00e9g alapelveit \u00e9s bebizony\u00edtotta, hogy \u00e9rt\u00e9kes tagja lehet a k\u00f6z\u00f6ss\u00e9gnek.<\/p>\r\n\r\n\r\n\r\n<blockquote class=\"wp-block-quote\">\r\n<p><strong>Hossz\u00fat\u00e1v\u00fa c\u00e9l<\/strong>:<\/p>\r\n<cite>egy \u00e1llam l\u00e9trehoz\u00e1sa, mely a KBS alapelvein alapszik<\/cite><\/blockquote>\r\n\r\n\r\n\r\n<p><strong>Hogyan \u00e9rj\u00fck el c\u00e9lunkat?<\/strong><\/p>\r\n\r\n\r\n\r\n<ul>\r\n<li>Alapelvek \u00e9s a tagfelv\u00e9tel (\u00e1llampolg\u00e1r) meghat\u00e1roz\u00e1sa<\/li>\r\n<li>Weboldal l\u00e9trehoz\u00e1sa (PR), mely rendelkezik egy f\u00f3rummal<\/li>\r\n<li>Elegend\u0151 tag \u00e9s er\u0151forr\u00e1s \u00f6sszegy\u0171jt\u00e9se egy de facto ter\u00fcleten k\u00edv\u00fcli \u00e1llam megalap\u00edt\u00e1s\u00e1hoz<\/li>\r\n<li>A ter\u00fcleti \u00e1llam l\u00e9trehoz\u00e1sa<\/li>\r\n<\/ul>\r\n\r\n\r\n\r\n<p><strong>Hogyan seg\u00edthetsz?<\/strong><\/p>\r\n\r\n\r\n\r\n<p>Ezen a weboldalon megoszthatod \u00f6tleteidet, szerkesztheted m\u00e1sok \u00f6tlet\u00e9t. Minden javaslatot \u00f6r\u00f6mmel fogadunk. Ne feledd az eg\u00e9sz weboldal ter\u00fclet\u00e9n tartsd tiszteletben a m\u00e1sik v\u00e9lem\u00e9ny\u00e9t \u00e9s viselkedj kedvesen \u00e9s kultur\u00e1ltan.<\/p>\r\n\r\n\r\n\r\n<p>B\u00e1rmilyen k\u00e9rd\u00e9s eset\u00e9n \u00edrj b\u00e1tran: <div role=\"form\" class=\"wpcf7\" id=\"wpcf7-f158-o1\" lang=\"hu-HU\" dir=\"ltr\">\n<div class=\"screen-reader-response\"><p role=\"status\" aria-live=\"polite\" aria-atomic=\"true\"><\/p> <ul><\/ul><\/div>\n<form action=\"\/hu\/wp-json\/wp\/v2\/pages\/2#wpcf7-f158-o1\" method=\"post\" class=\"wpcf7-form init\" novalidate=\"novalidate\" data-status=\"init\">\n<div style=\"display: none;\">\n<input type=\"hidden\" name=\"_wpcf7\" value=\"158\" \/>\n<input type=\"hidden\" name=\"_wpcf7_version\" value=\"5.5.4\" \/>\n<input type=\"hidden\" name=\"_wpcf7_locale\" value=\"hu_HU\" \/>\n<input type=\"hidden\" name=\"_wpcf7_unit_tag\" value=\"wpcf7-f158-o1\" \/>\n<input type=\"hidden\" name=\"_wpcf7_container_post\" value=\"0\" \/>\n<input type=\"hidden\" name=\"_wpcf7_posted_data_hash\" value=\"\" \/>\n<\/div>\n<p><label> N\u00e9v (k\u00f6telez\u0151)<br \/>\n    <span class=\"wpcf7-form-control-wrap your-name\"><input type=\"text\" name=\"your-name\" value=\"\" size=\"40\" class=\"wpcf7-form-control wpcf7-text wpcf7-validates-as-required\" aria-required=\"true\" aria-invalid=\"false\" \/><\/span> <\/label><\/p>\n<p><label> E-mail c\u00edm (k\u00f6telez\u0151)<br \/>\n    <span class=\"wpcf7-form-control-wrap your-email\"><input type=\"email\" name=\"your-email\" value=\"\" size=\"40\" class=\"wpcf7-form-control wpcf7-text wpcf7-email wpcf7-validates-as-required wpcf7-validates-as-email\" aria-required=\"true\" aria-invalid=\"false\" \/><\/span> <\/label><\/p>\n<p><label> T\u00e1rgy<br \/>\n    <span class=\"wpcf7-form-control-wrap your-subject\"><input type=\"text\" name=\"your-subject\" value=\"\" size=\"40\" class=\"wpcf7-form-control wpcf7-text\" aria-invalid=\"false\" \/><\/span> <\/label><\/p>\n<p><label> \u00dczenet<br \/>\n    <span class=\"wpcf7-form-control-wrap your-message\"><textarea name=\"your-message\" cols=\"40\" rows=\"10\" class=\"wpcf7-form-control wpcf7-textarea\" aria-invalid=\"false\"><\/textarea><\/span> <\/label><\/p>\n<p><input type=\"submit\" value=\"K\u00fcld\u00e9s\" class=\"wpcf7-form-control has-spinner wpcf7-submit\" \/><\/p>\n<div class=\"wpcf7-response-output\" aria-hidden=\"true\"><\/div><\/form><\/div><\/p>\r\n","protected":false},"excerpt":{"rendered":"<p>C\u00e9lunk egy, a jelenlegin\u00e9l hat\u00e9konyabb \u00e9s \u00e1tl\u00e1that\u00f3bb t\u00e1rsadalmi rendszer megalkot\u00e1sa. Ezen a\u00a0h\u00e1tt\u00e9roldalon\u00a0gy\u0171jtj\u00fck \u00f6ssze \u00e9s vitatjuk meg a k\u00f6z\u00f6ss\u00e9g alapelveit \u00e9s legfontosabb k\u00e9rd\u00e9seit. Ez egy z\u00e1rt k\u00f6r\u0171 oldal csak aj\u00e1nl\u00e1ssal lehet r\u00e9szt venni benne! A jelenlegi rendszer hib\u00e1i: Nem val\u00f3di demokr\u00e1cia, az emberek a legfontosabb dolgokr\u00f3l nem tudnak \u00e9rdemi d\u00f6nt\u00e9st hozni. Nem sz\u00fcletik meg a legjobb [&hellip;]<\/p>\n","protected":false},"author":1,"featured_media":0,"parent":0,"menu_order":0,"comment_status":"closed","ping_status":"open","template":"","meta":[],"_links":{"self":[{"href":"https:\/\/kbs.antalferenc.com\/hu\/wp-json\/wp\/v2\/pages\/2"}],"collection":[{"href":"https:\/\/kbs.antalferenc.com\/hu\/wp-json\/wp\/v2\/pages"}],"about":[{"href":"https:\/\/kbs.antalferenc.com\/hu\/wp-json\/wp\/v2\/types\/page"}],"author":[{"embeddable":true,"href":"https:\/\/kbs.antalferenc.com\/hu\/wp-json\/wp\/v2\/users\/1"}],"replies":[{"embeddable":true,"href":"https:\/\/kbs.antalferenc.com\/hu\/wp-json\/wp\/v2\/comments?post=2"}],"version-history":[{"count":8,"href":"https:\/\/kbs.antalferenc.com\/hu\/wp-json\/wp\/v2\/pages\/2\/revisions"}],"predecessor-version":[{"id":161,"href":"https:\/\/kbs.antalferenc.com\/hu\/wp-json\/wp\/v2\/pages\/2\/revisions\/161"}],"wp:attachment":[{"href":"https:\/\/kbs.antalferenc.com\/hu\/wp-json\/wp\/v2\/media?parent=2"}],"curies":[{"name":"wp","href":"https:\/\/api.w.org\/{rel}","templated":true}]}}