{"id":43,"date":"2020-06-29T13:38:28","date_gmt":"2020-06-29T13:38:28","guid":{"rendered":"http:\/\/antalferenc.com\/kbs_hu\/?page_id=43"},"modified":"2020-06-29T18:50:12","modified_gmt":"2020-06-29T18:50:12","slug":"feladatok","status":"publish","type":"page","link":"https:\/\/kbs.antalferenc.com\/hu\/feladatok\/","title":{"rendered":"Feladatok"},"content":{"rendered":"<h3>Egy\u00fctt egy t\u00f6k\u00e9letes \u00e1llam\u00e9rt!<\/h3>\n<p style=\"text-align: center;\">&#8212;&#8211; Az alap\u00edt\u00f3 tagok feladatai &#8212;&#8212;<\/p>\n<p>Ahhoz, hogy siker\u00fclj\u00f6n el\u00e9rni c\u00e9lunkat \u00f6sszeszedettnek \u00e9s c\u00e9ltudatosnak kell lenn\u00fcnk, de ami m\u00e9g enn\u00e9l is fontosabb, hogy<\/p>\n<blockquote><p>a tagoknak elk\u00f6telezetnek \u00e9s kitart\u00f3nak kell lenni\u00fck.<\/p><\/blockquote>\n<p>Az al\u00e1bbi men\u00fcpontokban a legfontosabb feladatok szerepelnek, melyek elengedhetetlenek a c\u00e9ljaink el\u00e9r\u00e9s\u00e9hez. Minden hozz\u00e1\u00e9rt\u0151 seg\u00edts\u00e9get sz\u00edvesen fogadunk!<\/p>\n<p><strong>5 f\u0151 feladat:<\/strong><\/p>\n<ul>\n<li><a href=\"https:\/\/kbs.antalferenc.com\/hu\/tagfelvetel\/\">Tagfelv\u00e9tel<\/a> &#8211; itt vitatjuk meg a tagfelv\u00e9tel menet\u00e9t<\/li>\n<li><a href=\"https:\/\/kbs.antalferenc.com\/hu\/politikai-rendszer\/\">Politikai rendszer<\/a> &#8211; itt dolgozzuk t\u00f6bbek k\u00f6zt az Alapt\u00f6rv\u00e9nyeket \u00e9s a d\u00f6nt\u00e9shozatali rendszert<\/li>\n<li><a href=\"https:\/\/kbs.antalferenc.com\/hu\/csererendszer\/\">Csererendszer<\/a> &#8211; itt alkotjuk meg saj\u00e1t csererendszer\u00fcnket, mely kezdetben pontrendszerhez lesz hasonl\u00f3<\/li>\n<li><a href=\"https:\/\/kbs.antalferenc.com\/hu\/weboldal\/\">Weboldal<\/a> &#8211; itt besz\u00e9lj\u00fck meg a k\u00e9s\u0151bbi weboldal fel\u00e9p\u00edt\u00e9s\u00e9t<\/li>\n<li><a href=\"https:\/\/kbs.antalferenc.com\/hu\/tagok-es-eroforrasok\/\">Tagok \u00e9s er\u0151forr\u00e1sok<\/a> &#8211; itt megtudhatod, hogy hogyan tudsz minket t\u00e1mogatni, illetve ismer\u0151seidet aj\u00e1nlani.<\/li>\n<\/ul>\n<p>&nbsp;<\/p>\n<p><strong>Hogyan jelentkezhetek egy projekt megold\u00e1s\u00e1ra vagy elk\u00e9sz\u00edt\u00e9s\u00e9re?<\/strong><\/p>\n<p>Ha te is r\u00e9szese szeretn\u00e9l lenni az alap\u00edt\u00f3 k\u00f6z\u00f6ss\u00e9gnek, vagy t\u00e1mogatni szeretn\u00e9l minket, b\u00e1tran jelentkezz a sz\u00e1mos k\u00fcl\u00f6nb\u00f6z\u0151 projekt k\u00f6z\u00fcl biztosan te is megtal\u00e1lod a neked val\u00f3t!<\/p>\n<p>A legegyszer\u0171bb, ha e-mailben megkeresed a projektmanagert, azonban \u00edrhatsz nek\u00fcnk is egy e-mailt a <a href=\"https:\/\/kbs.antalferenc.com\/hu\/kapcsolat\/\">Kapcsolat<\/a> men\u00fcpont alatt.<\/p>\n<p><strong>Hogyan lehetek projekt manager?<\/strong><\/p>\n<p>A projektmanagerek legf\u0151bb tulajdons\u00e1ga, hogy k\u00e9pes egy j\u00f3l m\u0171k\u00f6d\u0151, hat\u00e9kony csapatot szervezni. Ezen fel\u00fcl legal\u00e1bb kis m\u00e9rt\u00e9kben \u00e9rtenie kell az adott t\u00e9m\u00e1hoz.<\/p>\n<p>Ha \u00fagy \u00e9rzed, hogy te is r\u00e9szt szeretn\u00e9l venni a projekt megszervez\u00e9s\u00e9ben l\u00e9pj vel\u00fcnk kapcsolatba a <a href=\"https:\/\/kbs.antalferenc.com\/hu\/kapcsolat\/\">Kapcsolat<\/a> men\u00fcpont alatt.<\/p>\n<p><strong>B\u00e1rmelyik feladathoz \u00edrhatok v\u00e9lem\u00e9nyt?<\/strong><\/p>\n<p>Igen, de miel\u0151tt b\u00e1rmit \u00edrn\u00e1l, fontold meg, hogy val\u00f3ban hasznos inform\u00e1ci\u00f3t osztasz-e meg.<\/p>\n<p><strong>Hova fordulhatok, ha k\u00e9rd\u00e9sem van?<\/strong><\/p>\n<p>A <a href=\"https:\/\/kbs.antalferenc.com\/hu\/kapcsolat\/\">Kapcsolat<\/a> men\u00fcpont alatt tudsz emailt \u00edrni nek\u00fcnk.<\/p>\n<p>&nbsp;<\/p>\n<p style=\"text-align: center;\"><strong>FONTOS!<\/strong><\/p>\n<p>Hi\u00e1ba vagy\/volt\u00e1l tagja az alap\u00edt\u00f3 k\u00f6z\u00f6ss\u00e9gnek, ugyan\u00fagy meg kell felelned a k\u00e9s\u0151bbiekben l\u00e9trehozott \u00e1llampolg\u00e1rs\u00e1gi felt\u00e9teleknek!<\/p>\n","protected":false},"excerpt":{"rendered":"<p>Egy\u00fctt egy t\u00f6k\u00e9letes \u00e1llam\u00e9rt! &#8212;&#8211; Az alap\u00edt\u00f3 tagok feladatai &#8212;&#8212; Ahhoz, hogy siker\u00fclj\u00f6n el\u00e9rni c\u00e9lunkat \u00f6sszeszedettnek \u00e9s c\u00e9ltudatosnak kell lenn\u00fcnk, de ami m\u00e9g enn\u00e9l is fontosabb, hogy a tagoknak elk\u00f6telezetnek \u00e9s kitart\u00f3nak kell lenni\u00fck. Az al\u00e1bbi men\u00fcpontokban a legfontosabb feladatok szerepelnek, melyek elengedhetetlenek a c\u00e9ljaink el\u00e9r\u00e9s\u00e9hez. Minden hozz\u00e1\u00e9rt\u0151 seg\u00edts\u00e9get sz\u00edvesen fogadunk! 5 f\u0151 feladat: Tagfelv\u00e9tel [&hellip;]<\/p>\n","protected":false},"author":2,"featured_media":0,"parent":0,"menu_order":0,"comment_status":"closed","ping_status":"closed","template":"","meta":[],"_links":{"self":[{"href":"https:\/\/kbs.antalferenc.com\/hu\/wp-json\/wp\/v2\/pages\/43"}],"collection":[{"href":"https:\/\/kbs.antalferenc.com\/hu\/wp-json\/wp\/v2\/pages"}],"about":[{"href":"https:\/\/kbs.antalferenc.com\/hu\/wp-json\/wp\/v2\/types\/page"}],"author":[{"embeddable":true,"href":"https:\/\/kbs.antalferenc.com\/hu\/wp-json\/wp\/v2\/users\/2"}],"replies":[{"embeddable":true,"href":"https:\/\/kbs.antalferenc.com\/hu\/wp-json\/wp\/v2\/comments?post=43"}],"version-history":[{"count":11,"href":"https:\/\/kbs.antalferenc.com\/hu\/wp-json\/wp\/v2\/pages\/43\/revisions"}],"predecessor-version":[{"id":130,"href":"https:\/\/kbs.antalferenc.com\/hu\/wp-json\/wp\/v2\/pages\/43\/revisions\/130"}],"wp:attachment":[{"href":"https:\/\/kbs.antalferenc.com\/hu\/wp-json\/wp\/v2\/media?parent=43"}],"curies":[{"name":"wp","href":"https:\/\/api.w.org\/{rel}","templated":true}]}}