{"id":47,"date":"2020-06-29T13:40:08","date_gmt":"2020-06-29T13:40:08","guid":{"rendered":"http:\/\/antalferenc.com\/kbs_hu\/?page_id=47"},"modified":"2020-06-29T17:59:47","modified_gmt":"2020-06-29T17:59:47","slug":"tagfelvetel","status":"publish","type":"page","link":"https:\/\/kbs.antalferenc.com\/hu\/tagfelvetel\/","title":{"rendered":"Tagfelv\u00e9tel"},"content":{"rendered":"<h2>Egy j\u00f3 rendszer hasznos tagokra \u00e9p\u00fcl<\/h2>\n<p>A rendszer c\u00e9lja, hogy csak olyan tagjai legyenek, akik hasznosak a k\u00f6z\u00f6ss\u00e9gnek. Ehhez elengedhetetlen egy tagfelv\u00e9teli rendszer kidolgoz\u00e1sa.<\/p>\n<hr \/>\n<p>A tov\u00e1bbi r\u00e9szletek m\u00e9g kidolgoz\u00e1s alatt \u00e1llnak. Ha van egy j\u00f3 \u00f6tleted, vagy szeretn\u00e9l r\u00e9szt venni egy \u00faj tagfelv\u00e9teli rendszer kialak\u00edt\u00e1s\u00e1ban, b\u00e1tran \u00edrj nek\u00fcnk a <a href=\"https:\/\/kbs.antalferenc.com\/hu\/kapcsolat\/\">Kapcsolat<\/a> men\u00fcpontban, vagy a projektmanagernek.<\/p>\n<p><strong>Projektmanager:<\/strong><\/p>\n<p>&#8212; bet\u00f6ltetlen &#8212;<\/p>\n<p>email: info@kbs.antalferenc.com<\/p>\n<hr \/>\n<p>&nbsp;<\/p>\n<p><strong>Mi\u00e9rt vegyek r\u00e9szt benne?<\/strong><\/p>\n<p>Ha el\u00e9gedetlen vagy a jelenlegi rendszerrel, \u00e9s v\u00e1ltoztatni akarsz rajta, nem csak besz\u00e9lni r\u00f3la, akkor ezt most megteheted. R\u00e1ad\u00e1sul alap\u00edt\u00f3 tagk\u00e9nt te is v\u00e1ltoztathatod a rendszer m\u0171k\u00f6d\u00e9s\u00e9nek alapelveit.<\/p>\n<p><strong>Hogyan lehetek tag?<\/strong><\/p>\n<p>Ha megfelesz a k\u00e9s\u0151biekben fel\u00e1ll\u00edtott el\u0151\u00edr\u00e1soknak, egy teszt kit\u00f6lt\u00e9se ut\u00e1n v\u00e1lhatsz tagg\u00e1. Jelenleg csak alap\u00edt\u00f3 tagok l\u00e9phetnek be.<\/p>\n<p><strong>Hogyan lehetek alap\u00edt\u00f3 tag?<\/strong><\/p>\n<p>Ahhoz, hogy valaki alap\u00edt\u00f3 tag legyen, a k\u00f6z\u00f6ss\u00e9g haszn\u00e1ra kell lennie. Ez a jelen k\u00f6r\u00fclm\u00e9nyek k\u00f6z\u00f6tt abban nyilv\u00e1nulhat meg, hogy a <a href=\"https:\/\/kbs.antalferenc.com\/hu\/feladatok\/\">Feladatok<\/a>\u00a0megold\u00e1s\u00e1ban r\u00e9szt vesz.<\/p>\n<p><strong>Milyen jogai vannak az alap\u00edt\u00f3 tagoknak?<\/strong><\/p>\n<p>Az alap\u00edt\u00f3 tagok szavazhatnak a kezdeti k\u00e9rd\u00e9sekr\u0151l, m\u00f3dos\u00edthatj\u00e1k azokat \u00e9s megoszthatj\u00e1k saj\u00e1t v\u00e9lem\u00e9ny\u00fcket.<\/p>\n<p><strong>Milyen el\u0151nye van, ha alap\u00edt\u00f3 tag vagyok?<\/strong><\/p>\n<p>Hi\u00e1ba vagy\/volt\u00e1l tagja az alap\u00edt\u00f3 k\u00f6z\u00f6ss\u00e9gnek, ugyan\u00fagy meg kell felelned a k\u00e9s\u0151bbiekben l\u00e9trehozott \u00e1llampolg\u00e1rs\u00e1gi felt\u00e9teleknek!<\/p>\n<p><strong>Hova fordulhatok, ha k\u00e9rd\u00e9sem van?<\/strong><\/p>\n<p>A\u00a0<a href=\"https:\/\/kbs.antalferenc.com\/hu\/kapcsolat\/\">Kapcsolat<\/a>\u00a0men\u00fcpont alatt tudsz emailt \u00edrni nek\u00fcnk.<\/p>\n","protected":false},"excerpt":{"rendered":"<p>Egy j\u00f3 rendszer hasznos tagokra \u00e9p\u00fcl A rendszer c\u00e9lja, hogy csak olyan tagjai legyenek, akik hasznosak a k\u00f6z\u00f6ss\u00e9gnek. Ehhez elengedhetetlen egy tagfelv\u00e9teli rendszer kidolgoz\u00e1sa. A tov\u00e1bbi r\u00e9szletek m\u00e9g kidolgoz\u00e1s alatt \u00e1llnak. Ha van egy j\u00f3 \u00f6tleted, vagy szeretn\u00e9l r\u00e9szt venni egy \u00faj tagfelv\u00e9teli rendszer kialak\u00edt\u00e1s\u00e1ban, b\u00e1tran \u00edrj nek\u00fcnk a Kapcsolat men\u00fcpontban, vagy a projektmanagernek. Projektmanager: [&hellip;]<\/p>\n","protected":false},"author":2,"featured_media":0,"parent":0,"menu_order":0,"comment_status":"closed","ping_status":"closed","template":"","meta":[],"_links":{"self":[{"href":"https:\/\/kbs.antalferenc.com\/hu\/wp-json\/wp\/v2\/pages\/47"}],"collection":[{"href":"https:\/\/kbs.antalferenc.com\/hu\/wp-json\/wp\/v2\/pages"}],"about":[{"href":"https:\/\/kbs.antalferenc.com\/hu\/wp-json\/wp\/v2\/types\/page"}],"author":[{"embeddable":true,"href":"https:\/\/kbs.antalferenc.com\/hu\/wp-json\/wp\/v2\/users\/2"}],"replies":[{"embeddable":true,"href":"https:\/\/kbs.antalferenc.com\/hu\/wp-json\/wp\/v2\/comments?post=47"}],"version-history":[{"count":4,"href":"https:\/\/kbs.antalferenc.com\/hu\/wp-json\/wp\/v2\/pages\/47\/revisions"}],"predecessor-version":[{"id":119,"href":"https:\/\/kbs.antalferenc.com\/hu\/wp-json\/wp\/v2\/pages\/47\/revisions\/119"}],"wp:attachment":[{"href":"https:\/\/kbs.antalferenc.com\/hu\/wp-json\/wp\/v2\/media?parent=47"}],"curies":[{"name":"wp","href":"https:\/\/api.w.org\/{rel}","templated":true}]}}