{"id":49,"date":"2020-06-29T13:40:21","date_gmt":"2020-06-29T13:40:21","guid":{"rendered":"http:\/\/antalferenc.com\/kbs_hu\/?page_id=49"},"modified":"2020-06-29T18:03:25","modified_gmt":"2020-06-29T18:03:25","slug":"politikai-rendszer","status":"publish","type":"page","link":"https:\/\/kbs.antalferenc.com\/hu\/politikai-rendszer\/","title":{"rendered":"Politikai rendszer"},"content":{"rendered":"<h2>A t\u00e1rsadalom boldogs\u00e1ga hat\u00e1rozza meg az egy\u00e9n boldogs\u00e1g\u00e1t!<\/h2>\n<p>C\u00e9lunk egy mer\u0151ben \u00faj politikai rendszer kidolgoz\u00e1sa, mely a tud\u00e1son alapszik. A tud\u00e1s mindenki sz\u00e1m\u00e1ra el\u00e9rhet\u0151v\u00e9 szeretn\u00e9nk tenni, hogy mindenki lehet\u0151s\u00e9get kapjon egy jobb, boldogabb \u00e9letre.<\/p>\n<p>Minden, a k\u00f6z\u00f6ss\u00e9get \u00e9rint\u0151 k\u00e9rd\u00e9sr\u0151l szavazhatnak a tagok akkor, ha tudat\u00e1ban vannak a d\u00f6nt\u00e9s\u00fck k\u00f6vetkezm\u00e9nyeivel.<\/p>\n<p><strong>Legfontosabb feladatunk:<\/strong><\/p>\n<ul>\n<li>Meghat\u00e1rozni az alapelveket<\/li>\n<li>A d\u00f6nt\u00e9shozatali rendszer kidolgoz\u00e1sa<\/li>\n<li>A jelenlegi rendszer hib\u00e1inak megold\u00e1sa<\/li>\n<\/ul>\n<hr \/>\n<p>A tov\u00e1bbi r\u00e9szletek m\u00e9g kidolgoz\u00e1s alatt \u00e1llnak. Ha van egy j\u00f3 \u00f6tleted, vagy szeretn\u00e9l r\u00e9szt venni egy \u00faj politikai rendszer kialak\u00edt\u00e1s\u00e1ban, b\u00e1tran \u00edrj nek\u00fcnk a <a href=\"https:\/\/kbs.antalferenc.com\/hu\/kapcsolat\/\">Kapcsolat<\/a> men\u00fcpontban, vagy a projektmanagernek.<\/p>\n<p><strong>Projektmanager:<\/strong><\/p>\n<p>&#8212; bet\u00f6ltetlen &#8212;<\/p>\n<p>email: info@kbs.antalferenc.com<\/p>\n<hr \/>\n<p><strong>Miben m\u00e1s ez a rendszer?<\/strong><\/p>\n<p>A rendszer a tud\u00e1son alapszik, \u00edgy nagyobb val\u00f3sz\u00edn\u0171s\u00e9ggel sz\u00fcletik meg a legjobb d\u00f6nt\u00e9s a k\u00f6z\u00f6ss\u00e9g jav\u00e1ra.<\/p>\n<p><strong>Hova fordulhatok, ha k\u00e9rd\u00e9sem van?<\/strong><\/p>\n<p>A\u00a0<a href=\"https:\/\/kbs.antalferenc.com\/hu\/kapcsolat\/\">Kapcsolat<\/a>\u00a0men\u00fcpont alatt tudsz emailt \u00edrni nek\u00fcnk.<\/p>\n","protected":false},"excerpt":{"rendered":"<p>A t\u00e1rsadalom boldogs\u00e1ga hat\u00e1rozza meg az egy\u00e9n boldogs\u00e1g\u00e1t! C\u00e9lunk egy mer\u0151ben \u00faj politikai rendszer kidolgoz\u00e1sa, mely a tud\u00e1son alapszik. A tud\u00e1s mindenki sz\u00e1m\u00e1ra el\u00e9rhet\u0151v\u00e9 szeretn\u00e9nk tenni, hogy mindenki lehet\u0151s\u00e9get kapjon egy jobb, boldogabb \u00e9letre. Minden, a k\u00f6z\u00f6ss\u00e9get \u00e9rint\u0151 k\u00e9rd\u00e9sr\u0151l szavazhatnak a tagok akkor, ha tudat\u00e1ban vannak a d\u00f6nt\u00e9s\u00fck k\u00f6vetkezm\u00e9nyeivel. Legfontosabb feladatunk: Meghat\u00e1rozni az alapelveket A [&hellip;]<\/p>\n","protected":false},"author":2,"featured_media":0,"parent":0,"menu_order":0,"comment_status":"closed","ping_status":"closed","template":"","meta":[],"_links":{"self":[{"href":"https:\/\/kbs.antalferenc.com\/hu\/wp-json\/wp\/v2\/pages\/49"}],"collection":[{"href":"https:\/\/kbs.antalferenc.com\/hu\/wp-json\/wp\/v2\/pages"}],"about":[{"href":"https:\/\/kbs.antalferenc.com\/hu\/wp-json\/wp\/v2\/types\/page"}],"author":[{"embeddable":true,"href":"https:\/\/kbs.antalferenc.com\/hu\/wp-json\/wp\/v2\/users\/2"}],"replies":[{"embeddable":true,"href":"https:\/\/kbs.antalferenc.com\/hu\/wp-json\/wp\/v2\/comments?post=49"}],"version-history":[{"count":5,"href":"https:\/\/kbs.antalferenc.com\/hu\/wp-json\/wp\/v2\/pages\/49\/revisions"}],"predecessor-version":[{"id":123,"href":"https:\/\/kbs.antalferenc.com\/hu\/wp-json\/wp\/v2\/pages\/49\/revisions\/123"}],"wp:attachment":[{"href":"https:\/\/kbs.antalferenc.com\/hu\/wp-json\/wp\/v2\/media?parent=49"}],"curies":[{"name":"wp","href":"https:\/\/api.w.org\/{rel}","templated":true}]}}