{"id":51,"date":"2020-06-29T13:40:34","date_gmt":"2020-06-29T13:40:34","guid":{"rendered":"http:\/\/antalferenc.com\/kbs_hu\/?page_id=51"},"modified":"2020-06-30T21:08:22","modified_gmt":"2020-06-30T21:08:22","slug":"weboldal","status":"publish","type":"page","link":"https:\/\/kbs.antalferenc.com\/hu\/weboldal\/","title":{"rendered":"Informatikai Rendszer"},"content":{"rendered":"<h2>Informatikai Rendszer &#8211; ahol t\u00fal l\u00e9p\u00fcnk a tervez\u00e9sen<\/h2>\n<p>R\u00f6vidt\u00e1v\u00fa c\u00e9lunk egy modern weboldal l\u00e9trehoz\u00e1sa, amivel sz\u00e9lesebb k\u00f6rben terjesztj\u00fck \u00f6tleteinket \u00e9s lehet\u0151s\u00e9get ny\u00fajtva a k\u00f6z\u00f6ss\u00e9get el\u0151re viv\u0151, \u00e9rtelmes kommunik\u00e1ci\u00f3nak.<\/p>\n<p>Ezen k\u00edv\u00fcl egy ingyenes, mindenki sz\u00e1m\u00e1ra el\u00e9rhet\u0151 oktat\u00e1si platformot is tervez\u00fcnk l\u00e9trehozni, ahol az emberek nem csak a k\u00f6z\u00f6ss\u00e9gbe val\u00f3 beker\u00fcl\u00e9sre k\u00e9sz\u00fclhetnek fel.<\/p>\n<hr \/>\n<p>A tov\u00e1bbi r\u00e9szletek m\u00e9g kidolgoz\u00e1s alatt \u00e1llnak. Ha van egy j\u00f3 \u00f6tleted, vagy szeretn\u00e9l r\u00e9szt venni egy \u00faj weboldal l\u00e9trehoz\u00e1s\u00e1ban, b\u00e1tran \u00edrj nek\u00fcnk a <a href=\"https:\/\/antalferenc.com\/kbs_hu\/kapcsolat\/\">Kapcsolat<\/a>\u00a0men\u00fcpontban, vagy a projektmanagernek.<\/p>\n<p><strong>Projektmanager:<\/strong><\/p>\n<p>\u2014 bet\u00f6ltetlen \u2014<\/p>\n<p>email: info@kbs.antalferenc.com<\/p>\n<hr \/>\n<p><strong>Hova fordulhatok, ha k\u00e9rd\u00e9sem van?<\/strong><\/p>\n<p>A\u00a0<a href=\"https:\/\/antalferenc.com\/kbs_hu\/kapcsolat\/\">Kapcsolat<\/a>\u00a0men\u00fcpont alatt tudsz emailt \u00edrni nek\u00fcnk.<\/p>\n","protected":false},"excerpt":{"rendered":"<p>Informatikai Rendszer &#8211; ahol t\u00fal l\u00e9p\u00fcnk a tervez\u00e9sen R\u00f6vidt\u00e1v\u00fa c\u00e9lunk egy modern weboldal l\u00e9trehoz\u00e1sa, amivel sz\u00e9lesebb k\u00f6rben terjesztj\u00fck \u00f6tleteinket \u00e9s lehet\u0151s\u00e9get ny\u00fajtva a k\u00f6z\u00f6ss\u00e9get el\u0151re viv\u0151, \u00e9rtelmes kommunik\u00e1ci\u00f3nak. Ezen k\u00edv\u00fcl egy ingyenes, mindenki sz\u00e1m\u00e1ra el\u00e9rhet\u0151 oktat\u00e1si platformot is tervez\u00fcnk l\u00e9trehozni, ahol az emberek nem csak a k\u00f6z\u00f6ss\u00e9gbe val\u00f3 beker\u00fcl\u00e9sre k\u00e9sz\u00fclhetnek fel. A tov\u00e1bbi r\u00e9szletek m\u00e9g [&hellip;]<\/p>\n","protected":false},"author":2,"featured_media":0,"parent":0,"menu_order":0,"comment_status":"closed","ping_status":"closed","template":"","meta":[],"_links":{"self":[{"href":"https:\/\/kbs.antalferenc.com\/hu\/wp-json\/wp\/v2\/pages\/51"}],"collection":[{"href":"https:\/\/kbs.antalferenc.com\/hu\/wp-json\/wp\/v2\/pages"}],"about":[{"href":"https:\/\/kbs.antalferenc.com\/hu\/wp-json\/wp\/v2\/types\/page"}],"author":[{"embeddable":true,"href":"https:\/\/kbs.antalferenc.com\/hu\/wp-json\/wp\/v2\/users\/2"}],"replies":[{"embeddable":true,"href":"https:\/\/kbs.antalferenc.com\/hu\/wp-json\/wp\/v2\/comments?post=51"}],"version-history":[{"count":6,"href":"https:\/\/kbs.antalferenc.com\/hu\/wp-json\/wp\/v2\/pages\/51\/revisions"}],"predecessor-version":[{"id":155,"href":"https:\/\/kbs.antalferenc.com\/hu\/wp-json\/wp\/v2\/pages\/51\/revisions\/155"}],"wp:attachment":[{"href":"https:\/\/kbs.antalferenc.com\/hu\/wp-json\/wp\/v2\/media?parent=51"}],"curies":[{"name":"wp","href":"https:\/\/api.w.org\/{rel}","templated":true}]}}