{"id":53,"date":"2020-06-29T13:41:38","date_gmt":"2020-06-29T13:41:38","guid":{"rendered":"http:\/\/antalferenc.com\/kbs_hu\/?page_id=53"},"modified":"2020-06-29T15:41:59","modified_gmt":"2020-06-29T15:41:59","slug":"tagok-es-eroforrasok","status":"publish","type":"page","link":"https:\/\/kbs.antalferenc.com\/hu\/tagok-es-eroforrasok\/","title":{"rendered":"Tagok \u00e9s er\u0151forr\u00e1sok"},"content":{"rendered":"<h2>Ami egy \u00e1llam l\u00e9trehoz\u00e1s\u00e1hoz elengedhetetlen<\/h2>\n<p>Hossz\u00fa t\u00e1v\u00fa c\u00e9lunk el\u0151sz\u00f6r egy ter\u00fcleten k\u00edv\u00fcli, de facto \u00e1llam l\u00e9trehoz\u00e1sa. Ez ut\u00e1n tudunk csak egy saj\u00e1t ter\u00fclettel rendelkez\u0151 \u00e1llamot l\u00e9trehozni. Ehhez azonban sok tagra \u00e9s er\u0151forr\u00e1sra van sz\u00fcks\u00e9g\u00fcnk.<\/p>\n<p>Jelenleg z\u00e1rtk\u00f6r\u0171en tervezz\u00fck meg a rendszert, azonban ha \u00fagy gondolog, hogy ismersz olyan embereket, akik sz\u00edvesen csatlakozn\u00e1nak, egy aj\u00e1nl\u00f3 linkkel megteheted. Vagy csak \u00edrj nek\u00fcnk a <a href=\"https:\/\/antalferenc.com\/kbs_hu\/kapcsolat\/\">Kapcsolat<\/a> men\u00fcpontban.<\/p>\n<p>Ha nincs alap\u00edt\u00f3 tag ismer\u0151s\u00f6d, akkor is lehet tag, ha hasznos tagja vagy a k\u00f6z\u00f6ss\u00e9g\u00fcnknek. Ez a jelen k\u00f6r\u00fclm\u00e9nyek k\u00f6z\u00f6tt abban ny\u00edlv\u00e1nulhat meg, hogy a\u00a0<a href=\"https:\/\/antalferenc.com\/kbs_hu\/feladatok\/\">Feladatok<\/a>\u00a0megold\u00e1s\u00e1ban r\u00e9szt vesz.<\/p>\n<p>A tagok b\u0151v\u00edt\u00e9se \u00e9s az err\u0151forr\u00e1sok beszerez\u00e9s\u00e9hez sz\u00fcks\u00e9ges teend\u0151ket ez alatt a men\u00fcpont alatt vitatjuk meg.<\/p>\n<hr \/>\n<p>A tov\u00e1bbi r\u00e9szletek m\u00e9g kidolgoz\u00e1s alatt \u00e1llnak. Ha van egy j\u00f3 \u00f6tleted, vagy szeretn\u00e9l r\u00e9szt venni egy \u00faj csererendszer kialak\u00edt\u00e1s\u00e1ban, b\u00e1tran \u00edrj nek\u00fcnk a\u00a0<a href=\"https:\/\/antalferenc.com\/kbs_hu\/kapcsolat\/\">Kapcsolat<\/a>\u00a0men\u00fcpontban, vagy a projektmanagernek.<\/p>\n<p><strong>Projektmanager:<\/strong><\/p>\n<p>\u2014 bet\u00f6ltetlen \u2014<\/p>\n<p>email: info@kbs.antalferenc.com<\/p>\n<hr \/>\n<p><strong>Hogyan lehetek tag?<\/strong><\/p>\n<p>B\u0151vebb inform\u00e1ci\u00f3t a tagokr\u00f3l a <a href=\"https:\/\/antalferenc.com\/kbs_hu\/tagfelvetel\/\">Tagfelv\u00e9tel<\/a> men\u00fcpont alatt tal\u00e1lsz.<\/p>\n<p><strong>Hova fordulhatok, ha k\u00e9rd\u00e9sem van?<\/strong><\/p>\n<p>A\u00a0<a href=\"https:\/\/antalferenc.com\/kbs_hu\/kapcsolat\/\">Kapcsolat<\/a>\u00a0men\u00fcpont alatt tudsz emailt \u00edrni nek\u00fcnk.<\/p>\n","protected":false},"excerpt":{"rendered":"<p>Ami egy \u00e1llam l\u00e9trehoz\u00e1s\u00e1hoz elengedhetetlen Hossz\u00fa t\u00e1v\u00fa c\u00e9lunk el\u0151sz\u00f6r egy ter\u00fcleten k\u00edv\u00fcli, de facto \u00e1llam l\u00e9trehoz\u00e1sa. Ez ut\u00e1n tudunk csak egy saj\u00e1t ter\u00fclettel rendelkez\u0151 \u00e1llamot l\u00e9trehozni. Ehhez azonban sok tagra \u00e9s er\u0151forr\u00e1sra van sz\u00fcks\u00e9g\u00fcnk. Jelenleg z\u00e1rtk\u00f6r\u0171en tervezz\u00fck meg a rendszert, azonban ha \u00fagy gondolog, hogy ismersz olyan embereket, akik sz\u00edvesen csatlakozn\u00e1nak, egy aj\u00e1nl\u00f3 linkkel megteheted. [&hellip;]<\/p>\n","protected":false},"author":2,"featured_media":0,"parent":0,"menu_order":0,"comment_status":"closed","ping_status":"closed","template":"","meta":[],"_links":{"self":[{"href":"https:\/\/kbs.antalferenc.com\/hu\/wp-json\/wp\/v2\/pages\/53"}],"collection":[{"href":"https:\/\/kbs.antalferenc.com\/hu\/wp-json\/wp\/v2\/pages"}],"about":[{"href":"https:\/\/kbs.antalferenc.com\/hu\/wp-json\/wp\/v2\/types\/page"}],"author":[{"embeddable":true,"href":"https:\/\/kbs.antalferenc.com\/hu\/wp-json\/wp\/v2\/users\/2"}],"replies":[{"embeddable":true,"href":"https:\/\/kbs.antalferenc.com\/hu\/wp-json\/wp\/v2\/comments?post=53"}],"version-history":[{"count":5,"href":"https:\/\/kbs.antalferenc.com\/hu\/wp-json\/wp\/v2\/pages\/53\/revisions"}],"predecessor-version":[{"id":110,"href":"https:\/\/kbs.antalferenc.com\/hu\/wp-json\/wp\/v2\/pages\/53\/revisions\/110"}],"wp:attachment":[{"href":"https:\/\/kbs.antalferenc.com\/hu\/wp-json\/wp\/v2\/media?parent=53"}],"curies":[{"name":"wp","href":"https:\/\/api.w.org\/{rel}","templated":true}]}}