{"id":55,"date":"2020-06-29T13:47:04","date_gmt":"2020-06-29T13:47:04","guid":{"rendered":"http:\/\/antalferenc.com\/kbs_hu\/?page_id=55"},"modified":"2020-06-29T18:02:01","modified_gmt":"2020-06-29T18:02:01","slug":"csererendszer","status":"publish","type":"page","link":"https:\/\/kbs.antalferenc.com\/hu\/csererendszer\/","title":{"rendered":"Csererendszer"},"content":{"rendered":"<h2>Annyit kapsz, amennyit adsz!<\/h2>\n<p>Egy igazs\u00e1gos t\u00e1rsadalomhoz elengedhetetlen egy k\u00fcl\u00f6n \u00e1ll\u00f3 csererendszer. Ha valamit teszel, annak a pontos \u00e9rt\u00e9k\u00e9t kapod vissza.<\/p>\n<p><strong>C\u00e9lunk egy olyan csererendszer l\u00e9trehoz\u00e1sa, ami:<\/strong><\/p>\n<ul>\n<li>\u00c9rt\u00e9k\u00e1ll\u00f3<\/li>\n<li>\u00c1tl\u00e1that\u00f3<\/li>\n<li>Biztons\u00e1gos<\/li>\n<\/ul>\n<p><strong>A csererendszer k\u00f6vetelm\u00e9nyei:<\/strong><\/p>\n<ul>\n<li>Alacsony er\u0151forr\u00e1sig\u00e9ny<\/li>\n<li>Felt\u00f6rhetetlen\/Csal\u00e1sbiztos<\/li>\n<\/ul>\n<hr \/>\n<p>A tov\u00e1bbi r\u00e9szletek m\u00e9g kidolgoz\u00e1s alatt \u00e1llnak. Ha van egy j\u00f3 \u00f6tleted, vagy szeretn\u00e9l r\u00e9szt venni egy \u00faj csererendszer kialak\u00edt\u00e1s\u00e1ban, b\u00e1tran \u00edrj nek\u00fcnk a <a href=\"https:\/\/kbs.antalferenc.com\/hu\/kapcsolat\/\">Kapcsolat<\/a> men\u00fcpontban, vagy a projektmanagernek.<\/p>\n<p><strong>Projektmanager:<\/strong><\/p>\n<p>&#8212; bet\u00f6ltetlen &#8212;<\/p>\n<p>email: info@kbs.antalferenc.com<\/p>\n<hr \/>\n<p><strong>Hogyan vehetek r\u00e9szt a csererendszerben?<\/strong><\/p>\n<p>Ahhoz, hogy r\u00e9szt vegy\u00e9l benne, ellenszolg\u00e1ltat\u00e1st kell adnod azoknak, akik m\u00e1r r\u00e9szesei ennek a csererendszernek.<\/p>\n<p><strong>Hova fordulhatok, ha k\u00e9rd\u00e9sem van?<\/strong><\/p>\n<p>A\u00a0<a href=\"https:\/\/kbs.antalferenc.com\/hu\/kapcsolat\/\">Kapcsolat<\/a>\u00a0men\u00fcpont alatt tudsz emailt \u00edrni nek\u00fcnk.<\/p>\n<p>&nbsp;<\/p>\n","protected":false},"excerpt":{"rendered":"<p>Annyit kapsz, amennyit adsz! Egy igazs\u00e1gos t\u00e1rsadalomhoz elengedhetetlen egy k\u00fcl\u00f6n \u00e1ll\u00f3 csererendszer. Ha valamit teszel, annak a pontos \u00e9rt\u00e9k\u00e9t kapod vissza. C\u00e9lunk egy olyan csererendszer l\u00e9trehoz\u00e1sa, ami: \u00c9rt\u00e9k\u00e1ll\u00f3 \u00c1tl\u00e1that\u00f3 Biztons\u00e1gos A csererendszer k\u00f6vetelm\u00e9nyei: Alacsony er\u0151forr\u00e1sig\u00e9ny Felt\u00f6rhetetlen\/Csal\u00e1sbiztos A tov\u00e1bbi r\u00e9szletek m\u00e9g kidolgoz\u00e1s alatt \u00e1llnak. Ha van egy j\u00f3 \u00f6tleted, vagy szeretn\u00e9l r\u00e9szt venni egy \u00faj csererendszer [&hellip;]<\/p>\n","protected":false},"author":2,"featured_media":0,"parent":0,"menu_order":0,"comment_status":"closed","ping_status":"closed","template":"","meta":[],"_links":{"self":[{"href":"https:\/\/kbs.antalferenc.com\/hu\/wp-json\/wp\/v2\/pages\/55"}],"collection":[{"href":"https:\/\/kbs.antalferenc.com\/hu\/wp-json\/wp\/v2\/pages"}],"about":[{"href":"https:\/\/kbs.antalferenc.com\/hu\/wp-json\/wp\/v2\/types\/page"}],"author":[{"embeddable":true,"href":"https:\/\/kbs.antalferenc.com\/hu\/wp-json\/wp\/v2\/users\/2"}],"replies":[{"embeddable":true,"href":"https:\/\/kbs.antalferenc.com\/hu\/wp-json\/wp\/v2\/comments?post=55"}],"version-history":[{"count":7,"href":"https:\/\/kbs.antalferenc.com\/hu\/wp-json\/wp\/v2\/pages\/55\/revisions"}],"predecessor-version":[{"id":122,"href":"https:\/\/kbs.antalferenc.com\/hu\/wp-json\/wp\/v2\/pages\/55\/revisions\/122"}],"wp:attachment":[{"href":"https:\/\/kbs.antalferenc.com\/hu\/wp-json\/wp\/v2\/media?parent=55"}],"curies":[{"name":"wp","href":"https:\/\/api.w.org\/{rel}","templated":true}]}}