{"id":73,"date":"2020-06-29T13:50:56","date_gmt":"2020-06-29T13:50:56","guid":{"rendered":"http:\/\/antalferenc.com\/kbs_hu\/?page_id=73"},"modified":"2020-06-29T14:44:20","modified_gmt":"2020-06-29T14:44:20","slug":"szavazasok","status":"publish","type":"page","link":"https:\/\/kbs.antalferenc.com\/hu\/szavazasok\/","title":{"rendered":"Szavaz\u00e1sok"},"content":{"rendered":"<h2>A demokr\u00e1cia a rendszer\u00fcnk alappill\u00e9re<\/h2>\n<p>Ebben a men\u00fcpontban ker\u00fclnek megrendez\u00e9sre a z\u00e1rt k\u00f6r\u0171 szavaz\u00e1sok, ahol csak az alap\u00edt\u00f3 tagok vehetnek r\u00e9szt. Mindenkinek egy szavazata van, \u00e9s kezdetben nem s\u00falyozottak.<\/p>\n<p>A szavaz\u00e1s szab\u00e1lyai v\u00e1ltozhatnak!<\/p>\n<p>&nbsp;<\/p>\n<p><strong>Hogyan lehetek alap\u00edt\u00f3 tag?<\/strong><\/p>\n<p>Ahhoz, hogy valaki alap\u00edt\u00f3 tag legyen, a k\u00f6z\u00f6ss\u00e9g haszn\u00e1ra kell lennie. Ez a jelen k\u00f6r\u00fclm\u00e9nyek k\u00f6z\u00f6tt abban ny\u00edlv\u00e1nulhat meg, hogy a <a href=\"https:\/\/antalferenc.com\/kbs_hu\/feladatok\/\">Feladatok<\/a> megold\u00e1s\u00e1ban r\u00e9szt vesz.<\/p>\n<p><strong>Hova fordulhatok, ha k\u00e9rd\u00e9sem van?<\/strong><\/p>\n<p>A\u00a0<a href=\"https:\/\/antalferenc.com\/kbs_hu\/kapcsolat\/\">Kapcsolat<\/a>\u00a0men\u00fcpont alatt tudsz emailt \u00edrni nek\u00fcnk.<\/p>\n<p>&nbsp;<\/p>\n<p style=\"text-align: center;\"><strong>FONTOS!<\/strong><\/p>\n<p>Hi\u00e1ba vagy\/volt\u00e1l tagja az alap\u00edt\u00f3 k\u00f6z\u00f6ss\u00e9gnek, ugyan\u00fagy meg kell felelned a k\u00e9s\u0151bbiekben l\u00e9trehozott \u00e1llampolg\u00e1rs\u00e1gi felt\u00e9teleknek!<\/p>\n","protected":false},"excerpt":{"rendered":"<p>A demokr\u00e1cia a rendszer\u00fcnk alappill\u00e9re Ebben a men\u00fcpontban ker\u00fclnek megrendez\u00e9sre a z\u00e1rt k\u00f6r\u0171 szavaz\u00e1sok, ahol csak az alap\u00edt\u00f3 tagok vehetnek r\u00e9szt. Mindenkinek egy szavazata van, \u00e9s kezdetben nem s\u00falyozottak. A szavaz\u00e1s szab\u00e1lyai v\u00e1ltozhatnak! &nbsp; Hogyan lehetek alap\u00edt\u00f3 tag? Ahhoz, hogy valaki alap\u00edt\u00f3 tag legyen, a k\u00f6z\u00f6ss\u00e9g haszn\u00e1ra kell lennie. Ez a jelen k\u00f6r\u00fclm\u00e9nyek k\u00f6z\u00f6tt abban [&hellip;]<\/p>\n","protected":false},"author":2,"featured_media":0,"parent":0,"menu_order":0,"comment_status":"closed","ping_status":"closed","template":"","meta":[],"_links":{"self":[{"href":"https:\/\/kbs.antalferenc.com\/hu\/wp-json\/wp\/v2\/pages\/73"}],"collection":[{"href":"https:\/\/kbs.antalferenc.com\/hu\/wp-json\/wp\/v2\/pages"}],"about":[{"href":"https:\/\/kbs.antalferenc.com\/hu\/wp-json\/wp\/v2\/types\/page"}],"author":[{"embeddable":true,"href":"https:\/\/kbs.antalferenc.com\/hu\/wp-json\/wp\/v2\/users\/2"}],"replies":[{"embeddable":true,"href":"https:\/\/kbs.antalferenc.com\/hu\/wp-json\/wp\/v2\/comments?post=73"}],"version-history":[{"count":5,"href":"https:\/\/kbs.antalferenc.com\/hu\/wp-json\/wp\/v2\/pages\/73\/revisions"}],"predecessor-version":[{"id":93,"href":"https:\/\/kbs.antalferenc.com\/hu\/wp-json\/wp\/v2\/pages\/73\/revisions\/93"}],"wp:attachment":[{"href":"https:\/\/kbs.antalferenc.com\/hu\/wp-json\/wp\/v2\/media?parent=73"}],"curies":[{"name":"wp","href":"https:\/\/api.w.org\/{rel}","templated":true}]}}