{"id":77,"date":"2020-06-29T13:53:15","date_gmt":"2020-06-29T13:53:15","guid":{"rendered":"http:\/\/antalferenc.com\/kbs_hu\/?page_id=77"},"modified":"2021-11-03T20:41:54","modified_gmt":"2021-11-03T20:41:54","slug":"kapcsolat","status":"publish","type":"page","link":"https:\/\/kbs.antalferenc.com\/hu\/kapcsolat\/","title":{"rendered":"Kapcsolat"},"content":{"rendered":"<h1>L\u00e9pj kapcsolatba vel\u00fcnk!<\/h1>\n<p>Minden \u00faj \u00f6tletet, \u00e9szrev\u00e9telt \u00f6r\u00f6mmel fogadunk!<\/p>\n<div role=\"form\" class=\"wpcf7\" id=\"wpcf7-f158-o1\" lang=\"hu-HU\" dir=\"ltr\">\n<div class=\"screen-reader-response\"><p role=\"status\" aria-live=\"polite\" aria-atomic=\"true\"><\/p> <ul><\/ul><\/div>\n<form action=\"\/hu\/wp-json\/wp\/v2\/pages\/77#wpcf7-f158-o1\" method=\"post\" class=\"wpcf7-form init\" novalidate=\"novalidate\" data-status=\"init\">\n<div style=\"display: none;\">\n<input type=\"hidden\" name=\"_wpcf7\" value=\"158\" \/>\n<input type=\"hidden\" name=\"_wpcf7_version\" value=\"5.5.4\" \/>\n<input type=\"hidden\" name=\"_wpcf7_locale\" value=\"hu_HU\" \/>\n<input type=\"hidden\" name=\"_wpcf7_unit_tag\" value=\"wpcf7-f158-o1\" \/>\n<input type=\"hidden\" name=\"_wpcf7_container_post\" value=\"0\" \/>\n<input type=\"hidden\" name=\"_wpcf7_posted_data_hash\" value=\"\" \/>\n<\/div>\n<p><label> N\u00e9v (k\u00f6telez\u0151)<br \/>\n    <span class=\"wpcf7-form-control-wrap your-name\"><input type=\"text\" name=\"your-name\" value=\"\" size=\"40\" class=\"wpcf7-form-control wpcf7-text wpcf7-validates-as-required\" aria-required=\"true\" aria-invalid=\"false\" \/><\/span> <\/label><\/p>\n<p><label> E-mail c\u00edm (k\u00f6telez\u0151)<br \/>\n    <span class=\"wpcf7-form-control-wrap your-email\"><input type=\"email\" name=\"your-email\" value=\"\" size=\"40\" class=\"wpcf7-form-control wpcf7-text wpcf7-email wpcf7-validates-as-required wpcf7-validates-as-email\" aria-required=\"true\" aria-invalid=\"false\" \/><\/span> <\/label><\/p>\n<p><label> T\u00e1rgy<br \/>\n    <span class=\"wpcf7-form-control-wrap your-subject\"><input type=\"text\" name=\"your-subject\" value=\"\" size=\"40\" class=\"wpcf7-form-control wpcf7-text\" aria-invalid=\"false\" \/><\/span> <\/label><\/p>\n<p><label> \u00dczenet<br \/>\n    <span class=\"wpcf7-form-control-wrap your-message\"><textarea name=\"your-message\" cols=\"40\" rows=\"10\" class=\"wpcf7-form-control wpcf7-textarea\" aria-invalid=\"false\"><\/textarea><\/span> <\/label><\/p>\n<p><input type=\"submit\" value=\"K\u00fcld\u00e9s\" class=\"wpcf7-form-control has-spinner wpcf7-submit\" \/><\/p>\n<div class=\"wpcf7-response-output\" aria-hidden=\"true\"><\/div><\/form><\/div>\n","protected":false},"excerpt":{"rendered":"<p>L\u00e9pj kapcsolatba vel\u00fcnk! Minden \u00faj \u00f6tletet, \u00e9szrev\u00e9telt \u00f6r\u00f6mmel fogadunk!<\/p>\n","protected":false},"author":2,"featured_media":0,"parent":0,"menu_order":0,"comment_status":"closed","ping_status":"closed","template":"templates\/template-full-width.php","meta":[],"_links":{"self":[{"href":"https:\/\/kbs.antalferenc.com\/hu\/wp-json\/wp\/v2\/pages\/77"}],"collection":[{"href":"https:\/\/kbs.antalferenc.com\/hu\/wp-json\/wp\/v2\/pages"}],"about":[{"href":"https:\/\/kbs.antalferenc.com\/hu\/wp-json\/wp\/v2\/types\/page"}],"author":[{"embeddable":true,"href":"https:\/\/kbs.antalferenc.com\/hu\/wp-json\/wp\/v2\/users\/2"}],"replies":[{"embeddable":true,"href":"https:\/\/kbs.antalferenc.com\/hu\/wp-json\/wp\/v2\/comments?post=77"}],"version-history":[{"count":2,"href":"https:\/\/kbs.antalferenc.com\/hu\/wp-json\/wp\/v2\/pages\/77\/revisions"}],"predecessor-version":[{"id":162,"href":"https:\/\/kbs.antalferenc.com\/hu\/wp-json\/wp\/v2\/pages\/77\/revisions\/162"}],"wp:attachment":[{"href":"https:\/\/kbs.antalferenc.com\/hu\/wp-json\/wp\/v2\/media?parent=77"}],"curies":[{"name":"wp","href":"https:\/\/api.w.org\/{rel}","templated":true}]}}